{"id":7907,"date":"2025-09-24T11:11:42","date_gmt":"2025-09-24T11:11:42","guid":{"rendered":"https:\/\/www.modpacksystem.com\/?page_id=7907"},"modified":"2026-04-03T19:06:06","modified_gmt":"2026-04-03T16:06:06","slug":"kontakta-oss","status":"publish","type":"page","link":"https:\/\/www.modpacksystem.com\/sv\/kontakta-oss\/","title":{"rendered":"Kontakta oss"},"content":{"rendered":"<p><div class=\"fusion-fullwidth fullwidth-box fusion-builder-row-1 nonhundred-percent-fullwidth non-hundred-percent-height-scrolling fusion-equal-height-columns\" style=\"--awb-border-sizes-top:0px;--awb-border-sizes-bottom:0px;--awb-border-sizes-left:0px;--awb-border-sizes-right:0px;--awb-border-color:#747474;--awb-border-radius-top-left:0px;--awb-border-radius-top-right:0px;--awb-border-radius-bottom-right:0px;--awb-border-radius-bottom-left:0px;--awb-padding-top:20px;--awb-padding-right:20px;--awb-padding-bottom:20px;--awb-padding-left:20px;--awb-flex-wrap:wrap;\" ><div class=\"fusion-builder-row fusion-row\"><div class=\"fusion-layout-column fusion_builder_column fusion-builder-column-0 fusion_builder_column_1_1 1_1 fusion-one-full fusion-column-first fusion-column-last fusion-column-no-min-height\" style=\"--awb-padding-bottom:60px;--awb-bg-blend:overlay;--awb-bg-size:cover;\"><div class=\"fusion-column-wrapper fusion-flex-column-wrapper-legacy\"><div class=\"fusion-text fusion-text-1\"><h1 style=\"text-align: center;\">Kontakta oss \u2013 v\u00e5ra produkter och tj\u00e4nster har applikationer inom alla branscher och \u00e4r l\u00e4mpliga f\u00f6r alla typer av globala transporter: sj\u00f6-, v\u00e4g- och flygtransport.<\/h1>\n<\/div><div class=\"fusion-clearfix\"><\/div><\/div><\/div><\/div><\/div><div class=\"fusion-fullwidth fullwidth-box fusion-builder-row-2 nonhundred-percent-fullwidth non-hundred-percent-height-scrolling fusion-equal-height-columns\" style=\"--awb-border-sizes-top:0px;--awb-border-sizes-bottom:0px;--awb-border-sizes-left:0px;--awb-border-sizes-right:0px;--awb-border-color:#747474;--awb-border-radius-top-left:0px;--awb-border-radius-top-right:0px;--awb-border-radius-bottom-right:0px;--awb-border-radius-bottom-left:0px;--awb-padding-top:20px;--awb-padding-right:20px;--awb-padding-bottom:20px;--awb-padding-left:20px;--awb-flex-wrap:wrap;\" ><div class=\"fusion-builder-row fusion-row\"><div class=\"fusion-layout-column fusion_builder_column fusion-builder-column-1 fusion_builder_column_2_3 2_3 fusion-two-third fusion-column-first\" style=\"--awb-bg-blend:overlay;--awb-bg-size:cover;width:66.666666666667%;width:calc(66.666666666667% - ( ( 4% ) * 0.66666666666667 ) );margin-right: 4%;\"><div class=\"fusion-column-wrapper fusion-flex-column-wrapper-legacy\"><div class=\"fusion-text fusion-text-2\"><p><img decoding=\"async\" class=\"alignnone wp-image-5271 \" src=\"https:\/\/www.modpacksystem.com\/wp-content\/uploads\/2019\/05\/Modpack-World-map-update-14-05-19-1.jpg\" alt=\"Worldwide\" width=\"900\" height=\"518\" srcset=\"https:\/\/www.modpacksystem.com\/wp-content\/uploads\/2019\/05\/Modpack-World-map-update-14-05-19-1-200x115.jpg 200w, https:\/\/www.modpacksystem.com\/wp-content\/uploads\/2019\/05\/Modpack-World-map-update-14-05-19-1-300x173.jpg 300w, https:\/\/www.modpacksystem.com\/wp-content\/uploads\/2019\/05\/Modpack-World-map-update-14-05-19-1-400x230.jpg 400w, https:\/\/www.modpacksystem.com\/wp-content\/uploads\/2019\/05\/Modpack-World-map-update-14-05-19-1-600x345.jpg 600w, https:\/\/www.modpacksystem.com\/wp-content\/uploads\/2019\/05\/Modpack-World-map-update-14-05-19-1-768x442.jpg 768w, https:\/\/www.modpacksystem.com\/wp-content\/uploads\/2019\/05\/Modpack-World-map-update-14-05-19-1-800x460.jpg 800w, https:\/\/www.modpacksystem.com\/wp-content\/uploads\/2019\/05\/Modpack-World-map-update-14-05-19-1-1024x589.jpg 1024w, https:\/\/www.modpacksystem.com\/wp-content\/uploads\/2019\/05\/Modpack-World-map-update-14-05-19-1-1200x690.jpg 1200w, https:\/\/www.modpacksystem.com\/wp-content\/uploads\/2019\/05\/Modpack-World-map-update-14-05-19-1.jpg 3558w\" sizes=\"(max-width: 900px) 100vw, 900px\" \/><\/p>\n<\/div><div class=\"fusion-clearfix\"><\/div><\/div><\/div><div class=\"fusion-layout-column fusion_builder_column fusion-builder-column-2 fusion_builder_column_1_3 1_3 fusion-one-third fusion-column-last\" style=\"--awb-bg-blend:overlay;--awb-bg-size:cover;width:33.333333333333%;width:calc(33.333333333333% - ( ( 4% ) * 0.33333333333333 ) );\"><div class=\"fusion-column-wrapper fusion-flex-column-wrapper-legacy\"><div class=\"fusion-text fusion-text-3\"><h2>Enquiry form<\/h2>\n<\/div>\n<div class=\"wpcf7 no-js\" id=\"wpcf7-f1612-o1\" lang=\"en-GB\" dir=\"ltr\" data-wpcf7-id=\"1612\">\n<div class=\"screen-reader-response\"><p role=\"status\" aria-live=\"polite\" aria-atomic=\"true\"><\/p> <ul><\/ul><\/div>\n<form action=\"\/sv\/wp-json\/wp\/v2\/pages\/7907#wpcf7-f1612-o1\" method=\"post\" class=\"wpcf7-form init\" aria-label=\"Contact form\" novalidate=\"novalidate\" data-status=\"init\">\n<fieldset class=\"hidden-fields-container\"><input type=\"hidden\" name=\"_wpcf7\" value=\"1612\" \/><input type=\"hidden\" name=\"_wpcf7_version\" value=\"6.1.5\" \/><input type=\"hidden\" name=\"_wpcf7_locale\" value=\"en_GB\" \/><input type=\"hidden\" name=\"_wpcf7_unit_tag\" value=\"wpcf7-f1612-o1\" \/><input type=\"hidden\" name=\"_wpcf7_container_post\" value=\"0\" \/><input type=\"hidden\" name=\"_wpcf7_posted_data_hash\" value=\"\" \/><input type=\"hidden\" name=\"_wpcf7_recaptcha_response\" value=\"\" \/>\n<\/fieldset>\n<div class=\"uacf7-form-wrapper-container uacf7-form-1612  \"><label> Your name (required)\n    <span class=\"wpcf7-form-control-wrap\" data-name=\"your-name\"><input size=\"40\" maxlength=\"400\" class=\"wpcf7-form-control wpcf7-text wpcf7-validates-as-required\" aria-required=\"true\" aria-invalid=\"false\" value=\"\" type=\"text\" name=\"your-name\" \/><\/span> <\/label>\n\n<label> Your email (required)\n    <span class=\"wpcf7-form-control-wrap\" data-name=\"your-email\"><input size=\"40\" maxlength=\"400\" class=\"wpcf7-form-control wpcf7-email wpcf7-validates-as-required wpcf7-text wpcf7-validates-as-email\" aria-required=\"true\" aria-invalid=\"false\" value=\"\" type=\"email\" name=\"your-email\" \/><\/span> <\/label>\n\n<label> Subject\n    <span class=\"wpcf7-form-control-wrap\" data-name=\"your-subject\"><input size=\"40\" maxlength=\"400\" class=\"wpcf7-form-control wpcf7-text\" aria-invalid=\"false\" value=\"\" type=\"text\" name=\"your-subject\" \/><\/span> <\/label>\n\n<label> Your message\n    <span class=\"wpcf7-form-control-wrap\" data-name=\"your-message\"><textarea cols=\"40\" rows=\"10\" maxlength=\"2000\" class=\"wpcf7-form-control wpcf7-textarea\" aria-invalid=\"false\" name=\"your-message\"><\/textarea><\/span> <\/label>\n\n<input class=\"wpcf7-form-control wpcf7-submit has-spinner\" type=\"submit\" value=\"Send\" \/><\/div><div class=\"fusion-alert alert custom alert-custom fusion-alert-center wpcf7-response-output fusion-alert-capitalize awb-alert-native-link-color alert-dismissable awb-alert-close-boxed\" style=\"--awb-border-top-left-radius:0px;--awb-border-top-right-radius:0px;--awb-border-bottom-left-radius:0px;--awb-border-bottom-right-radius:0px;\" role=\"alert\"><div class=\"fusion-alert-content-wrapper\"><span class=\"fusion-alert-content\"><\/span><\/div><button type=\"button\" class=\"close toggle-alert\" data-dismiss=\"alert\" aria-label=\"Close\">&times;<\/button><\/div>\n<\/form>\n<\/div>\n<div class=\"fusion-clearfix\"><\/div><\/div><\/div><\/div><\/div><div class=\"fusion-fullwidth fullwidth-box fusion-builder-row-3 fusion-flex-container has-pattern-background has-mask-background hundred-percent-fullwidth non-hundred-percent-height-scrolling\" style=\"--awb-border-sizes-top:0px;--awb-border-sizes-bottom:0px;--awb-border-sizes-left:0px;--awb-border-sizes-right:0px;--awb-border-color:#747474;--awb-border-radius-top-left:0px;--awb-border-radius-top-right:0px;--awb-border-radius-bottom-right:0px;--awb-border-radius-bottom-left:0px;--awb-padding-right:20px;--awb-padding-left:20px;--awb-flex-wrap:wrap;\" ><div class=\"fusion-builder-row fusion-row fusion-flex-align-items-stretch fusion-flex-justify-content-center fusion-flex-content-wrap\" style=\"width:calc( 100% + 20px ) !important;max-width:calc( 100% + 20px ) !important;margin-left: calc(-20px \/ 2 );margin-right: calc(-20px \/ 2 );\"><div class=\"fusion-layout-column fusion_builder_column fusion-builder-column-3 fusion_builder_column_1_3 1_3 fusion-flex-column\" style=\"--awb-padding-top:10px;--awb-padding-right:10px;--awb-padding-bottom:10px;--awb-padding-left:10px;--awb-bg-color:#fcfcfc;--awb-bg-color-hover:#fcfcfc;--awb-bg-size:cover;--awb-width-large:33.333333333333%;--awb-margin-top-large:20px;--awb-spacing-right-large:10px;--awb-margin-bottom-large:20px;--awb-spacing-left-large:10px;--awb-width-medium:100%;--awb-order-medium:0;--awb-spacing-right-medium:10px;--awb-spacing-left-medium:10px;--awb-width-small:100%;--awb-order-small:0;--awb-spacing-right-small:10px;--awb-spacing-left-small:10px;\"><div class=\"fusion-column-wrapper fusion-column-has-shadow fusion-flex-justify-content-flex-start fusion-content-layout-column\"><div class=\"fusion-text fusion-text-4\"><h4><strong>Rom\u00e2nia \u2013 Ploie\u0219ti<\/strong><\/h4>\n<\/div>\t\t\t\t\t<script type=\"text\/javascript\">\n\t\t\t\t\t\tvar map_fusion_map_69e03e0a76e79;\n\t\t\t\t\t\tvar markers = [];\n\t\t\t\t\t\tvar counter = 0;\n\t\t\t\t\t\t\t\t\t\t\t\t\t\t\t\t\t\t\t\tvar fusionMapNonce = '88c6c0e44a';\n\t\t\t\t\t\t\t\t\t\t\t\tfunction fusion_run_map_fusion_map_69e03e0a76e79() {\n\t\t\t\t\t\t\tjQuery ('#fusion_map_69e03e0a76e79' ).fusion_maps( {\n\t\t\t\t\t\t\t\taddresses: [{\"address\":\"4 Conului St, 100213, Industrial Park Ploiesti, Prahova County, Romania\",\"infobox_content\":\"\",\"marker\":\"https:\\\/\\\/www.modpacksystem.com\\\/wp-content\\\/uploads\\\/2018\\\/04\\\/Modpack-pin.png\",\"coordinates\":false,\"cache\":true,\"latitude\":\"44.9387013\",\"longitude\":\"25.939878300000032\"}],\n\t\t\t\t\t\t\t\tanimations: true,\n\t\t\t\t\t\t\t\tinfobox_background_color: '',\n\t\t\t\t\t\t\t\tinfobox_styling: 'default',\n\t\t\t\t\t\t\t\tinfobox_text_color: '',\n\t\t\t\t\t\t\t\tmap_style: 'custom',\n\t\t\t\t\t\t\t\tmap_type: 'roadmap',\n\t\t\t\t\t\t\t\tmarker_icon: 'https:\/\/www.modpacksystem.com\/wp-content\/uploads\/2018\/04\/Modpack-pin.png',\n\t\t\t\t\t\t\t\toverlay_color: '#9e9e9e',\n\t\t\t\t\t\t\t\toverlay_color_hsl: {\"hue\":0,\"sat\":0,\"lum\":62},\n\t\t\t\t\t\t\t\tshow_address: false,\n\t\t\t\t\t\t\t\tscale_control: false,\n\t\t\t\t\t\t\t\tscrollwheel: true,\n\t\t\t\t\t\t\t\tzoom: 14,\n\t\t\t\t\t\t\t\tzoom_control: false,\n\t\t\t\t\t\t\t} );\n\t\t\t\t\t\t}\n\n\t\t\t\t\t\tgoogle.maps.event.addDomListener(window, 'load', fusion_run_map_fusion_map_69e03e0a76e79);\n\t\t\t\t\t<\/script>\n\t\t\t\t\t<div class=\"shortcode-map fusion-google-map fusion-maps-js-type\" style=\"--awb-height:250px;\" id=\"fusion_map_69e03e0a76e79\"><\/div><div class=\"fusion-separator fusion-full-width-sep\" style=\"align-self: center;margin-left: auto;margin-right: auto;margin-top:10px;margin-bottom:10px;width:100%;\"><\/div><div class=\"fusion-text fusion-text-5\"><p>4 Conului St, 100213,<br \/>\nIndustrial Park Ploiesti,<br \/>\nPrahova County,\u00a0Romania<\/p>\n<p><strong>T <\/strong><strong>| F<\/strong> \u00a0+40 244 220 355<\/p>\n<p><strong>M<\/strong>\u00a0 +40 729 037 297<\/p>\n<p><strong>E<\/strong>\u00a0 office@modpacksystem.com<\/p>\n<\/div><\/div><\/div><div class=\"fusion-layout-column fusion_builder_column fusion-builder-column-4 fusion_builder_column_1_3 1_3 fusion-flex-column\" style=\"--awb-padding-top:10px;--awb-padding-right:10px;--awb-padding-bottom:10px;--awb-padding-left:10px;--awb-bg-color:#fcfcfc;--awb-bg-color-hover:#fcfcfc;--awb-bg-size:cover;--awb-width-large:33.333333333333%;--awb-margin-top-large:20px;--awb-spacing-right-large:10px;--awb-margin-bottom-large:20px;--awb-spacing-left-large:10px;--awb-width-medium:100%;--awb-order-medium:0;--awb-spacing-right-medium:10px;--awb-spacing-left-medium:10px;--awb-width-small:100%;--awb-order-small:0;--awb-spacing-right-small:10px;--awb-spacing-left-small:10px;\"><div class=\"fusion-column-wrapper fusion-column-has-shadow fusion-flex-justify-content-flex-start fusion-content-layout-column\"><div class=\"fusion-text fusion-text-6\"><h4 style=\"text-align: left;\"><strong>Rom\u00e2nia \u2013 Cluj Napoca<\/strong><\/h4>\n<\/div>\t\t\t\t\t<script type=\"text\/javascript\">\n\t\t\t\t\t\tvar map_fusion_map_69e03e0a77bb4;\n\t\t\t\t\t\tvar markers = [];\n\t\t\t\t\t\tvar counter = 0;\n\t\t\t\t\t\t\t\t\t\t\t\tfunction fusion_run_map_fusion_map_69e03e0a77bb4() {\n\t\t\t\t\t\t\tjQuery ('#fusion_map_69e03e0a77bb4' ).fusion_maps( {\n\t\t\t\t\t\t\t\taddresses: [{\"address\":\"B-dul Muncii 18B, Cluj Napoca, Cluj County, Romania\",\"infobox_content\":\"\",\"marker\":\"https:\\\/\\\/www.modpacksystem.com\\\/wp-content\\\/uploads\\\/2018\\\/04\\\/Modpack-pin.png\",\"coordinates\":false,\"cache\":true,\"latitude\":\"46.79774099999999\",\"longitude\":\"23.6134486\"}],\n\t\t\t\t\t\t\t\tanimations: true,\n\t\t\t\t\t\t\t\tinfobox_background_color: '',\n\t\t\t\t\t\t\t\tinfobox_styling: 'default',\n\t\t\t\t\t\t\t\tinfobox_text_color: '',\n\t\t\t\t\t\t\t\tmap_style: 'custom',\n\t\t\t\t\t\t\t\tmap_type: 'roadmap',\n\t\t\t\t\t\t\t\tmarker_icon: 'https:\/\/www.modpacksystem.com\/wp-content\/uploads\/2018\/04\/Modpack-pin.png',\n\t\t\t\t\t\t\t\toverlay_color: '#9e9e9e',\n\t\t\t\t\t\t\t\toverlay_color_hsl: {\"hue\":0,\"sat\":0,\"lum\":62},\n\t\t\t\t\t\t\t\tshow_address: false,\n\t\t\t\t\t\t\t\tscale_control: false,\n\t\t\t\t\t\t\t\tscrollwheel: true,\n\t\t\t\t\t\t\t\tzoom: 14,\n\t\t\t\t\t\t\t\tzoom_control: false,\n\t\t\t\t\t\t\t} );\n\t\t\t\t\t\t}\n\n\t\t\t\t\t\tgoogle.maps.event.addDomListener(window, 'load', fusion_run_map_fusion_map_69e03e0a77bb4);\n\t\t\t\t\t<\/script>\n\t\t\t\t\t<div class=\"shortcode-map fusion-google-map fusion-maps-js-type\" style=\"--awb-height:250px;\" id=\"fusion_map_69e03e0a77bb4\"><\/div><div class=\"fusion-separator fusion-full-width-sep\" style=\"align-self: center;margin-left: auto;margin-right: auto;margin-top:10px;margin-bottom:10px;width:100%;\"><\/div><div class=\"fusion-text fusion-text-7\"><p style=\"text-align: left;\">B-dul Muncii 18B, Cluj County, Romania<\/p>\n<p><strong>T \u00a0<\/strong>+0371 013 335<strong> \u00a0 <\/strong><\/p>\n<p><strong>M\u00a0<\/strong> +40 729 037 297<\/p>\n<p><strong>E\u00a0<\/strong> office@modpacksystem.com<\/p>\n<\/div><\/div><\/div><div class=\"fusion-layout-column fusion_builder_column fusion-builder-column-5 fusion_builder_column_1_3 1_3 fusion-flex-column\" style=\"--awb-padding-top:10px;--awb-padding-right:10px;--awb-padding-bottom:10px;--awb-padding-left:10px;--awb-bg-color:#fcfcfc;--awb-bg-color-hover:#fcfcfc;--awb-bg-size:cover;--awb-width-large:33.333333333333%;--awb-margin-top-large:20px;--awb-spacing-right-large:10px;--awb-margin-bottom-large:20px;--awb-spacing-left-large:10px;--awb-width-medium:100%;--awb-order-medium:0;--awb-spacing-right-medium:10px;--awb-spacing-left-medium:10px;--awb-width-small:100%;--awb-order-small:0;--awb-spacing-right-small:10px;--awb-spacing-left-small:10px;\"><div class=\"fusion-column-wrapper fusion-column-has-shadow fusion-flex-justify-content-flex-start fusion-content-layout-column\"><div class=\"fusion-text fusion-text-8\"><h4 style=\"text-align: left;\"><strong>Spanien \u2013 Valencia<\/strong><\/h4>\n<\/div>\t\t\t\t\t<script type=\"text\/javascript\">\n\t\t\t\t\t\tvar map_fusion_map_69e03e0a788b0;\n\t\t\t\t\t\tvar markers = [];\n\t\t\t\t\t\tvar counter = 0;\n\t\t\t\t\t\t\t\t\t\t\t\tfunction fusion_run_map_fusion_map_69e03e0a788b0() {\n\t\t\t\t\t\t\tjQuery ('#fusion_map_69e03e0a788b0' ).fusion_maps( {\n\t\t\t\t\t\t\t\taddresses: [{\"address\":\"C\\\/ Almirante Cadarso, 26<br \\\/>\\n46005, Valencia\",\"infobox_content\":\"\",\"marker\":\"https:\\\/\\\/www.modpacksystem.com\\\/wp-content\\\/uploads\\\/2018\\\/04\\\/Modpack-pin.png\",\"coordinates\":false,\"cache\":false}],\n\t\t\t\t\t\t\t\tanimations: true,\n\t\t\t\t\t\t\t\tinfobox_background_color: '',\n\t\t\t\t\t\t\t\tinfobox_styling: 'default',\n\t\t\t\t\t\t\t\tinfobox_text_color: '',\n\t\t\t\t\t\t\t\tmap_style: 'custom',\n\t\t\t\t\t\t\t\tmap_type: 'roadmap',\n\t\t\t\t\t\t\t\tmarker_icon: 'https:\/\/www.modpacksystem.com\/wp-content\/uploads\/2018\/04\/Modpack-pin.png',\n\t\t\t\t\t\t\t\toverlay_color: '#9e9e9e',\n\t\t\t\t\t\t\t\toverlay_color_hsl: {\"hue\":0,\"sat\":0,\"lum\":62},\n\t\t\t\t\t\t\t\tshow_address: false,\n\t\t\t\t\t\t\t\tscale_control: false,\n\t\t\t\t\t\t\t\tscrollwheel: true,\n\t\t\t\t\t\t\t\tzoom: 14,\n\t\t\t\t\t\t\t\tzoom_control: false,\n\t\t\t\t\t\t\t} );\n\t\t\t\t\t\t}\n\n\t\t\t\t\t\tgoogle.maps.event.addDomListener(window, 'load', fusion_run_map_fusion_map_69e03e0a788b0);\n\t\t\t\t\t<\/script>\n\t\t\t\t\t<div class=\"shortcode-map fusion-google-map fusion-maps-js-type\" style=\"--awb-height:250px;\" id=\"fusion_map_69e03e0a788b0\"><\/div><div class=\"fusion-separator fusion-full-width-sep\" style=\"align-self: center;margin-left: auto;margin-right: auto;margin-top:10px;margin-bottom:10px;width:100%;\"><\/div><div class=\"fusion-text fusion-text-9\"><p style=\"text-align: left;\">C\/ Almirante Cadarso, 26&nbsp;<br \/>46005, Valencia<\/p>\n<p><strong>T <\/strong>+34 647 218 884&nbsp;&nbsp;<\/p>\n<p><strong>E&nbsp;<\/strong> office@modpacksystem.com<\/p>\n<\/div><\/div><\/div><\/div><\/div><\/p>\n","protected":false},"excerpt":{"rendered":"","protected":false},"author":11,"featured_media":0,"parent":0,"menu_order":40,"comment_status":"closed","ping_status":"closed","template":"100-width.php","meta":{"footnotes":""},"class_list":["post-7907","page","type-page","status-publish","hentry"],"yoast_head":"<!-- This site is optimized with the Yoast SEO plugin v27.3 - https:\/\/yoast.com\/product\/yoast-seo-wordpress\/ -->\n<title>Kontakta Modpack Group<\/title>\n<meta name=\"description\" content=\"Kontakta oss \u2013 V\u00e5ra produkter och tj\u00e4nster har applikationer inom alla branscher och \u00e4r l\u00e4mpliga f\u00f6r alla typer av globala transporter: sj\u00f6-, v\u00e4g- och flygtransport.\" \/>\n<meta name=\"robots\" content=\"index, follow, max-snippet:-1, max-image-preview:large, max-video-preview:-1\" \/>\n<link rel=\"canonical\" href=\"https:\/\/www.modpacksystem.com\/sv\/kontakta-oss\/\" \/>\n<meta property=\"og:locale\" content=\"sv_SE\" \/>\n<meta property=\"og:type\" content=\"article\" \/>\n<meta property=\"og:title\" content=\"Kontakta Modpack Group\" \/>\n<meta property=\"og:description\" content=\"Kontakta oss \u2013 V\u00e5ra produkter och tj\u00e4nster har applikationer inom alla branscher och \u00e4r l\u00e4mpliga f\u00f6r alla typer av globala transporter: sj\u00f6-, v\u00e4g- och flygtransport.\" \/>\n<meta property=\"og:url\" content=\"https:\/\/www.modpacksystem.com\/sv\/kontakta-oss\/\" \/>\n<meta property=\"og:site_name\" content=\"Modpack Group\" \/>\n<meta property=\"article:modified_time\" content=\"2026-04-03T16:06:06+00:00\" \/>\n<meta property=\"og:image\" content=\"https:\/\/www.modpacksystem.com\/wp-content\/uploads\/2019\/05\/Modpack-World-map-update-14-05-19-1.jpg\" \/>\n\t<meta property=\"og:image:width\" content=\"3558\" \/>\n\t<meta property=\"og:image:height\" content=\"2047\" \/>\n\t<meta property=\"og:image:type\" content=\"image\/jpeg\" \/>\n<meta name=\"twitter:card\" content=\"summary_large_image\" \/>\n<meta name=\"twitter:label1\" content=\"Ber\u00e4knad l\u00e4stid\" \/>\n\t<meta name=\"twitter:data1\" content=\"1 minut\" \/>\n<script type=\"application\/ld+json\" class=\"yoast-schema-graph\">{\"@context\":\"https:\\\/\\\/schema.org\",\"@graph\":[{\"@type\":\"WebPage\",\"@id\":\"https:\\\/\\\/www.modpacksystem.com\\\/sv\\\/kontakta-oss\\\/\",\"url\":\"https:\\\/\\\/www.modpacksystem.com\\\/sv\\\/kontakta-oss\\\/\",\"name\":\"Kontakta Modpack Group\",\"isPartOf\":{\"@id\":\"https:\\\/\\\/www.modpacksystem.com\\\/#website\"},\"primaryImageOfPage\":{\"@id\":\"https:\\\/\\\/www.modpacksystem.com\\\/sv\\\/kontakta-oss\\\/#primaryimage\"},\"image\":{\"@id\":\"https:\\\/\\\/www.modpacksystem.com\\\/sv\\\/kontakta-oss\\\/#primaryimage\"},\"thumbnailUrl\":\"https:\\\/\\\/www.modpacksystem.com\\\/wp-content\\\/uploads\\\/2019\\\/05\\\/Modpack-World-map-update-14-05-19-1.jpg\",\"datePublished\":\"2025-09-24T11:11:42+00:00\",\"dateModified\":\"2026-04-03T16:06:06+00:00\",\"description\":\"Kontakta oss \u2013 V\u00e5ra produkter och tj\u00e4nster har applikationer inom alla branscher och \u00e4r l\u00e4mpliga f\u00f6r alla typer av globala transporter: sj\u00f6-, v\u00e4g- och flygtransport.\",\"breadcrumb\":{\"@id\":\"https:\\\/\\\/www.modpacksystem.com\\\/sv\\\/kontakta-oss\\\/#breadcrumb\"},\"inLanguage\":\"sv-SE\",\"potentialAction\":[{\"@type\":\"ReadAction\",\"target\":[\"https:\\\/\\\/www.modpacksystem.com\\\/sv\\\/kontakta-oss\\\/\"]}]},{\"@type\":\"ImageObject\",\"inLanguage\":\"sv-SE\",\"@id\":\"https:\\\/\\\/www.modpacksystem.com\\\/sv\\\/kontakta-oss\\\/#primaryimage\",\"url\":\"https:\\\/\\\/www.modpacksystem.com\\\/wp-content\\\/uploads\\\/2019\\\/05\\\/Modpack-World-map-update-14-05-19-1.jpg\",\"contentUrl\":\"https:\\\/\\\/www.modpacksystem.com\\\/wp-content\\\/uploads\\\/2019\\\/05\\\/Modpack-World-map-update-14-05-19-1.jpg\"},{\"@type\":\"BreadcrumbList\",\"@id\":\"https:\\\/\\\/www.modpacksystem.com\\\/sv\\\/kontakta-oss\\\/#breadcrumb\",\"itemListElement\":[{\"@type\":\"ListItem\",\"position\":1,\"name\":\"Home\",\"item\":\"https:\\\/\\\/www.modpacksystem.com\\\/sv\\\/\"},{\"@type\":\"ListItem\",\"position\":2,\"name\":\"Kontakta oss\"}]},{\"@type\":\"WebSite\",\"@id\":\"https:\\\/\\\/www.modpacksystem.com\\\/#website\",\"url\":\"https:\\\/\\\/www.modpacksystem.com\\\/\",\"name\":\"Modpack Group\",\"description\":\"Intelligent Industrial Relocation Packing and Export Services\",\"potentialAction\":[{\"@type\":\"SearchAction\",\"target\":{\"@type\":\"EntryPoint\",\"urlTemplate\":\"https:\\\/\\\/www.modpacksystem.com\\\/?s={search_term_string}\"},\"query-input\":{\"@type\":\"PropertyValueSpecification\",\"valueRequired\":true,\"valueName\":\"search_term_string\"}}],\"inLanguage\":\"sv-SE\"}]}<\/script>\n<!-- \/ Yoast SEO plugin. -->","yoast_head_json":{"title":"Kontakta Modpack Group","description":"Kontakta oss \u2013 V\u00e5ra produkter och tj\u00e4nster har applikationer inom alla branscher och \u00e4r l\u00e4mpliga f\u00f6r alla typer av globala transporter: sj\u00f6-, v\u00e4g- och flygtransport.","robots":{"index":"index","follow":"follow","max-snippet":"max-snippet:-1","max-image-preview":"max-image-preview:large","max-video-preview":"max-video-preview:-1"},"canonical":"https:\/\/www.modpacksystem.com\/sv\/kontakta-oss\/","og_locale":"sv_SE","og_type":"article","og_title":"Kontakta Modpack Group","og_description":"Kontakta oss \u2013 V\u00e5ra produkter och tj\u00e4nster har applikationer inom alla branscher och \u00e4r l\u00e4mpliga f\u00f6r alla typer av globala transporter: sj\u00f6-, v\u00e4g- och flygtransport.","og_url":"https:\/\/www.modpacksystem.com\/sv\/kontakta-oss\/","og_site_name":"Modpack Group","article_modified_time":"2026-04-03T16:06:06+00:00","og_image":[{"width":3558,"height":2047,"url":"https:\/\/www.modpacksystem.com\/wp-content\/uploads\/2019\/05\/Modpack-World-map-update-14-05-19-1.jpg","type":"image\/jpeg"}],"twitter_card":"summary_large_image","twitter_misc":{"Ber\u00e4knad l\u00e4stid":"1 minut"},"schema":{"@context":"https:\/\/schema.org","@graph":[{"@type":"WebPage","@id":"https:\/\/www.modpacksystem.com\/sv\/kontakta-oss\/","url":"https:\/\/www.modpacksystem.com\/sv\/kontakta-oss\/","name":"Kontakta Modpack Group","isPartOf":{"@id":"https:\/\/www.modpacksystem.com\/#website"},"primaryImageOfPage":{"@id":"https:\/\/www.modpacksystem.com\/sv\/kontakta-oss\/#primaryimage"},"image":{"@id":"https:\/\/www.modpacksystem.com\/sv\/kontakta-oss\/#primaryimage"},"thumbnailUrl":"https:\/\/www.modpacksystem.com\/wp-content\/uploads\/2019\/05\/Modpack-World-map-update-14-05-19-1.jpg","datePublished":"2025-09-24T11:11:42+00:00","dateModified":"2026-04-03T16:06:06+00:00","description":"Kontakta oss \u2013 V\u00e5ra produkter och tj\u00e4nster har applikationer inom alla branscher och \u00e4r l\u00e4mpliga f\u00f6r alla typer av globala transporter: sj\u00f6-, v\u00e4g- och flygtransport.","breadcrumb":{"@id":"https:\/\/www.modpacksystem.com\/sv\/kontakta-oss\/#breadcrumb"},"inLanguage":"sv-SE","potentialAction":[{"@type":"ReadAction","target":["https:\/\/www.modpacksystem.com\/sv\/kontakta-oss\/"]}]},{"@type":"ImageObject","inLanguage":"sv-SE","@id":"https:\/\/www.modpacksystem.com\/sv\/kontakta-oss\/#primaryimage","url":"https:\/\/www.modpacksystem.com\/wp-content\/uploads\/2019\/05\/Modpack-World-map-update-14-05-19-1.jpg","contentUrl":"https:\/\/www.modpacksystem.com\/wp-content\/uploads\/2019\/05\/Modpack-World-map-update-14-05-19-1.jpg"},{"@type":"BreadcrumbList","@id":"https:\/\/www.modpacksystem.com\/sv\/kontakta-oss\/#breadcrumb","itemListElement":[{"@type":"ListItem","position":1,"name":"Home","item":"https:\/\/www.modpacksystem.com\/sv\/"},{"@type":"ListItem","position":2,"name":"Kontakta oss"}]},{"@type":"WebSite","@id":"https:\/\/www.modpacksystem.com\/#website","url":"https:\/\/www.modpacksystem.com\/","name":"Modpack Group","description":"Intelligent Industrial Relocation Packing and Export Services","potentialAction":[{"@type":"SearchAction","target":{"@type":"EntryPoint","urlTemplate":"https:\/\/www.modpacksystem.com\/?s={search_term_string}"},"query-input":{"@type":"PropertyValueSpecification","valueRequired":true,"valueName":"search_term_string"}}],"inLanguage":"sv-SE"}]}},"_links":{"self":[{"href":"https:\/\/www.modpacksystem.com\/sv\/wp-json\/wp\/v2\/pages\/7907","targetHints":{"allow":["GET"]}}],"collection":[{"href":"https:\/\/www.modpacksystem.com\/sv\/wp-json\/wp\/v2\/pages"}],"about":[{"href":"https:\/\/www.modpacksystem.com\/sv\/wp-json\/wp\/v2\/types\/page"}],"author":[{"embeddable":true,"href":"https:\/\/www.modpacksystem.com\/sv\/wp-json\/wp\/v2\/users\/11"}],"replies":[{"embeddable":true,"href":"https:\/\/www.modpacksystem.com\/sv\/wp-json\/wp\/v2\/comments?post=7907"}],"version-history":[{"count":15,"href":"https:\/\/www.modpacksystem.com\/sv\/wp-json\/wp\/v2\/pages\/7907\/revisions"}],"predecessor-version":[{"id":21397,"href":"https:\/\/www.modpacksystem.com\/sv\/wp-json\/wp\/v2\/pages\/7907\/revisions\/21397"}],"wp:attachment":[{"href":"https:\/\/www.modpacksystem.com\/sv\/wp-json\/wp\/v2\/media?parent=7907"}],"curies":[{"name":"wp","href":"https:\/\/api.w.org\/{rel}","templated":true}]}}