{"id":16656,"date":"2025-01-20T10:37:16","date_gmt":"2025-01-20T10:37:16","guid":{"rendered":"https:\/\/www.modpacksystem.com\/?page_id=16656"},"modified":"2025-01-20T10:37:16","modified_gmt":"2025-01-20T10:37:16","slug":"quote-request","status":"publish","type":"page","link":"https:\/\/www.modpacksystem.com\/fr\/quote-request\/","title":{"rendered":"Quote request"},"content":{"rendered":"<div class=\"fusion-fullwidth fullwidth-box fusion-builder-row-1 fusion-flex-container has-pattern-background has-mask-background nonhundred-percent-fullwidth non-hundred-percent-height-scrolling\" style=\"--awb-border-radius-top-left:0px;--awb-border-radius-top-right:0px;--awb-border-radius-bottom-right:0px;--awb-border-radius-bottom-left:0px;--awb-flex-wrap:wrap;\" ><div class=\"fusion-builder-row fusion-row fusion-flex-align-items-flex-start fusion-flex-content-wrap\" style=\"max-width:1248px;margin-left: calc(-4% \/ 2 );margin-right: calc(-4% \/ 2 );\"><div class=\"fusion-layout-column fusion_builder_column fusion-builder-column-0 fusion_builder_column_1_1 1_1 fusion-flex-column\" style=\"--awb-bg-size:cover;--awb-width-large:100%;--awb-margin-top-large:0px;--awb-spacing-right-large:1.92%;--awb-margin-bottom-large:20px;--awb-spacing-left-large:1.92%;--awb-width-medium:100%;--awb-order-medium:0;--awb-spacing-right-medium:1.92%;--awb-spacing-left-medium:1.92%;--awb-width-small:100%;--awb-order-small:0;--awb-spacing-right-small:1.92%;--awb-spacing-left-small:1.92%;\"><div class=\"fusion-column-wrapper fusion-column-has-shadow fusion-flex-justify-content-flex-start fusion-content-layout-column\">\n<div class=\"wpcf7 no-js\" id=\"wpcf7-f3548-o1\" lang=\"en-US\" dir=\"ltr\" data-wpcf7-id=\"3548\">\n<div class=\"screen-reader-response\"><p role=\"status\" aria-live=\"polite\" aria-atomic=\"true\"><\/p> <ul><\/ul><\/div>\n<form action=\"\/fr\/wp-json\/wp\/v2\/pages\/16656#wpcf7-f3548-o1\" method=\"post\" class=\"wpcf7-form init\" aria-label=\"Contact form\" novalidate=\"novalidate\" data-status=\"init\">\n<fieldset class=\"hidden-fields-container\"><input type=\"hidden\" name=\"_wpcf7\" value=\"3548\" \/><input type=\"hidden\" name=\"_wpcf7_version\" value=\"6.1.5\" \/><input type=\"hidden\" name=\"_wpcf7_locale\" value=\"en_US\" \/><input type=\"hidden\" name=\"_wpcf7_unit_tag\" value=\"wpcf7-f3548-o1\" \/><input type=\"hidden\" name=\"_wpcf7_container_post\" value=\"0\" \/><input type=\"hidden\" name=\"_wpcf7_posted_data_hash\" value=\"\" \/><input type=\"hidden\" name=\"_wpcf7_recaptcha_response\" value=\"\" \/>\n<\/fieldset>\n<div class=\"uacf7-form-wrapper-container uacf7-form-3548  \"><h3>CITATION COURTE<\/h3>\n\n<span class=\"wpcf7-form-control-wrap\" data-name=\"your-name\"><input size=\"40\" maxlength=\"400\" class=\"wpcf7-form-control wpcf7-text wpcf7-validates-as-required\" aria-required=\"true\" aria-invalid=\"false\" placeholder=\"Your Name (required)\" value=\"\" type=\"text\" name=\"your-name\" \/><\/span>\n\n<span class=\"wpcf7-form-control-wrap\" data-name=\"your-email\"><input size=\"40\" maxlength=\"400\" class=\"wpcf7-form-control wpcf7-email wpcf7-validates-as-required wpcf7-text wpcf7-validates-as-email\" aria-required=\"true\" aria-invalid=\"false\" placeholder=\"Your Email (required)\" value=\"\" type=\"email\" name=\"your-email\" \/><\/span>\n\n<h4>S'il vous pla\u00eet contactez-moi sur les points suivants<\/h4>\n\n<span class=\"wpcf7-form-control-wrap\" data-name=\"checkbox-62\"><span class=\"wpcf7-form-control wpcf7-checkbox\"><span class=\"wpcf7-list-item first\"><input type=\"checkbox\" name=\"checkbox-62[]\" value=\"Reubicaci\u00f3n industrial \/ de f\u00e1brica\" \/><span class=\"wpcf7-list-item-label\">Reubicaci\u00f3n industrial \/ de f\u00e1brica<\/span><\/span><span class=\"wpcf7-list-item\"><input type=\"checkbox\" name=\"checkbox-62[]\" value=\"Embalaje de exportaci\u00f3n\" \/><span class=\"wpcf7-list-item-label\">Embalaje de exportaci\u00f3n<\/span><\/span><span class=\"wpcf7-list-item\"><input type=\"checkbox\" name=\"checkbox-62[]\" value=\"Transporte multimodal\" \/><span class=\"wpcf7-list-item-label\">Transporte multimodal<\/span><\/span><span class=\"wpcf7-list-item last\"><input type=\"checkbox\" name=\"checkbox-62[]\" value=\"Servicios adicionales\" \/><span class=\"wpcf7-list-item-label\">Servicios adicionales<\/span><\/span><\/span><\/span>\n\n<h4>Toute information suppl\u00e9mentaire<\/h4>\n<span class=\"wpcf7-form-control-wrap\" data-name=\"textarea-108\"><textarea cols=\"40\" rows=\"10\" maxlength=\"2000\" class=\"wpcf7-form-control wpcf7-textarea\" aria-invalid=\"false\" name=\"textarea-108\"><\/textarea><\/span>\n\nEn cliquant sur Soumettre, vous acceptez que Modpack System traite les donn\u00e9es personnelles que vous avez fournies, comme indiqu\u00e9 dans notre Politique de confidentialit\u00e9.\n\n\n\n<input class=\"wpcf7-form-control wpcf7-submit has-spinner\" type=\"submit\" value=\"Soumettre\" \/><\/div><div class=\"fusion-alert alert custom alert-custom fusion-alert-center wpcf7-response-output fusion-alert-capitalize awb-alert-native-link-color alert-dismissable awb-alert-close-boxed\" style=\"--awb-border-top-left-radius:0px;--awb-border-top-right-radius:0px;--awb-border-bottom-left-radius:0px;--awb-border-bottom-right-radius:0px;\" role=\"alert\"><div class=\"fusion-alert-content-wrapper\"><span class=\"fusion-alert-content\"><\/span><\/div><button type=\"button\" class=\"close toggle-alert\" data-dismiss=\"alert\" aria-label=\"Close\">&times;<\/button><\/div>\n<\/form>\n<\/div>\n<\/div><\/div><\/div><\/div>\n","protected":false},"excerpt":{"rendered":"","protected":false},"author":5,"featured_media":0,"parent":0,"menu_order":0,"comment_status":"closed","ping_status":"closed","template":"","meta":{"footnotes":""},"class_list":["post-16656","page","type-page","status-publish","hentry"],"yoast_head":"<!-- This site is optimized with the Yoast SEO plugin v27.3 - https:\/\/yoast.com\/product\/yoast-seo-wordpress\/ -->\n<title>Quote Request | Modpack Systems<\/title>\n<meta name=\"description\" content=\"Submit a quote request here for Modpack Systems\" \/>\n<meta name=\"robots\" content=\"index, follow, max-snippet:-1, max-image-preview:large, max-video-preview:-1\" \/>\n<link rel=\"canonical\" href=\"https:\/\/www.modpacksystem.com\/fr\/quote-request\/\" \/>\n<meta property=\"og:locale\" content=\"fr_FR\" \/>\n<meta property=\"og:type\" content=\"article\" \/>\n<meta property=\"og:title\" content=\"Quote Request | Modpack Systems\" \/>\n<meta property=\"og:description\" content=\"Submit a quote request here for Modpack Systems\" \/>\n<meta property=\"og:url\" content=\"https:\/\/www.modpacksystem.com\/fr\/quote-request\/\" \/>\n<meta property=\"og:site_name\" content=\"Modpack Group\" \/>\n<meta name=\"twitter:card\" content=\"summary_large_image\" \/>\n<meta name=\"twitter:label1\" content=\"Dur\u00e9e de lecture estim\u00e9e\" \/>\n\t<meta name=\"twitter:data1\" content=\"1 minute\" \/>\n<script type=\"application\/ld+json\" class=\"yoast-schema-graph\">{\"@context\":\"https:\\\/\\\/schema.org\",\"@graph\":[{\"@type\":\"WebPage\",\"@id\":\"https:\\\/\\\/www.modpacksystem.com\\\/fr\\\/quote-request\\\/\",\"url\":\"https:\\\/\\\/www.modpacksystem.com\\\/fr\\\/quote-request\\\/\",\"name\":\"Quote Request | Modpack Systems\",\"isPartOf\":{\"@id\":\"https:\\\/\\\/www.modpacksystem.com\\\/#website\"},\"datePublished\":\"2025-01-20T10:37:16+00:00\",\"description\":\"Submit a quote request here for Modpack Systems\",\"breadcrumb\":{\"@id\":\"https:\\\/\\\/www.modpacksystem.com\\\/fr\\\/quote-request\\\/#breadcrumb\"},\"inLanguage\":\"fr-FR\",\"potentialAction\":[{\"@type\":\"ReadAction\",\"target\":[\"https:\\\/\\\/www.modpacksystem.com\\\/fr\\\/quote-request\\\/\"]}]},{\"@type\":\"BreadcrumbList\",\"@id\":\"https:\\\/\\\/www.modpacksystem.com\\\/fr\\\/quote-request\\\/#breadcrumb\",\"itemListElement\":[{\"@type\":\"ListItem\",\"position\":1,\"name\":\"Home\",\"item\":\"https:\\\/\\\/www.modpacksystem.com\\\/fr\\\/\"},{\"@type\":\"ListItem\",\"position\":2,\"name\":\"Quote request\"}]},{\"@type\":\"WebSite\",\"@id\":\"https:\\\/\\\/www.modpacksystem.com\\\/#website\",\"url\":\"https:\\\/\\\/www.modpacksystem.com\\\/\",\"name\":\"Modpack Group\",\"description\":\"Intelligent Industrial Relocation Packing and Export Services\",\"potentialAction\":[{\"@type\":\"SearchAction\",\"target\":{\"@type\":\"EntryPoint\",\"urlTemplate\":\"https:\\\/\\\/www.modpacksystem.com\\\/?s={search_term_string}\"},\"query-input\":{\"@type\":\"PropertyValueSpecification\",\"valueRequired\":true,\"valueName\":\"search_term_string\"}}],\"inLanguage\":\"fr-FR\"}]}<\/script>\n<!-- \/ Yoast SEO plugin. -->","yoast_head_json":{"title":"Quote Request | Modpack Systems","description":"Submit a quote request here for Modpack Systems","robots":{"index":"index","follow":"follow","max-snippet":"max-snippet:-1","max-image-preview":"max-image-preview:large","max-video-preview":"max-video-preview:-1"},"canonical":"https:\/\/www.modpacksystem.com\/fr\/quote-request\/","og_locale":"fr_FR","og_type":"article","og_title":"Quote Request | Modpack Systems","og_description":"Submit a quote request here for Modpack Systems","og_url":"https:\/\/www.modpacksystem.com\/fr\/quote-request\/","og_site_name":"Modpack Group","twitter_card":"summary_large_image","twitter_misc":{"Dur\u00e9e de lecture estim\u00e9e":"1 minute"},"schema":{"@context":"https:\/\/schema.org","@graph":[{"@type":"WebPage","@id":"https:\/\/www.modpacksystem.com\/fr\/quote-request\/","url":"https:\/\/www.modpacksystem.com\/fr\/quote-request\/","name":"Quote Request | Modpack Systems","isPartOf":{"@id":"https:\/\/www.modpacksystem.com\/#website"},"datePublished":"2025-01-20T10:37:16+00:00","description":"Submit a quote request here for Modpack Systems","breadcrumb":{"@id":"https:\/\/www.modpacksystem.com\/fr\/quote-request\/#breadcrumb"},"inLanguage":"fr-FR","potentialAction":[{"@type":"ReadAction","target":["https:\/\/www.modpacksystem.com\/fr\/quote-request\/"]}]},{"@type":"BreadcrumbList","@id":"https:\/\/www.modpacksystem.com\/fr\/quote-request\/#breadcrumb","itemListElement":[{"@type":"ListItem","position":1,"name":"Home","item":"https:\/\/www.modpacksystem.com\/fr\/"},{"@type":"ListItem","position":2,"name":"Quote request"}]},{"@type":"WebSite","@id":"https:\/\/www.modpacksystem.com\/#website","url":"https:\/\/www.modpacksystem.com\/","name":"Modpack Group","description":"Intelligent Industrial Relocation Packing and Export Services","potentialAction":[{"@type":"SearchAction","target":{"@type":"EntryPoint","urlTemplate":"https:\/\/www.modpacksystem.com\/?s={search_term_string}"},"query-input":{"@type":"PropertyValueSpecification","valueRequired":true,"valueName":"search_term_string"}}],"inLanguage":"fr-FR"}]}},"_links":{"self":[{"href":"https:\/\/www.modpacksystem.com\/fr\/wp-json\/wp\/v2\/pages\/16656","targetHints":{"allow":["GET"]}}],"collection":[{"href":"https:\/\/www.modpacksystem.com\/fr\/wp-json\/wp\/v2\/pages"}],"about":[{"href":"https:\/\/www.modpacksystem.com\/fr\/wp-json\/wp\/v2\/types\/page"}],"author":[{"embeddable":true,"href":"https:\/\/www.modpacksystem.com\/fr\/wp-json\/wp\/v2\/users\/5"}],"replies":[{"embeddable":true,"href":"https:\/\/www.modpacksystem.com\/fr\/wp-json\/wp\/v2\/comments?post=16656"}],"version-history":[{"count":2,"href":"https:\/\/www.modpacksystem.com\/fr\/wp-json\/wp\/v2\/pages\/16656\/revisions"}],"predecessor-version":[{"id":16658,"href":"https:\/\/www.modpacksystem.com\/fr\/wp-json\/wp\/v2\/pages\/16656\/revisions\/16658"}],"wp:attachment":[{"href":"https:\/\/www.modpacksystem.com\/fr\/wp-json\/wp\/v2\/media?parent=16656"}],"curies":[{"name":"wp","href":"https:\/\/api.w.org\/{rel}","templated":true}]}}