{"id":3543,"date":"2018-09-26T14:17:10","date_gmt":"2018-09-26T14:17:10","guid":{"rendered":"https:\/\/www.modpacksystem.com\/nest-site-wide-2\/"},"modified":"2018-10-19T10:51:44","modified_gmt":"2018-10-19T10:51:44","slug":"nest-site-wide-2","status":"publish","type":"page","link":"https:\/\/www.modpacksystem.com\/de\/nest-site-wide-2\/","title":{"rendered":"Nest Site Wide German"},"content":{"rendered":"\n<div class=\"wpcf7 no-js\" id=\"wpcf7-f3531-o1\" lang=\"en-US\" dir=\"ltr\" data-wpcf7-id=\"3531\">\n<div class=\"screen-reader-response\"><p role=\"status\" aria-live=\"polite\" aria-atomic=\"true\"><\/p> <ul><\/ul><\/div>\n<form action=\"\/de\/wp-json\/wp\/v2\/pages\/3543#wpcf7-f3531-o1\" method=\"post\" class=\"wpcf7-form init\" aria-label=\"Contact form\" novalidate=\"novalidate\" data-status=\"init\">\n<fieldset class=\"hidden-fields-container\"><input type=\"hidden\" name=\"_wpcf7\" value=\"3531\" \/><input type=\"hidden\" name=\"_wpcf7_version\" value=\"6.1.5\" \/><input type=\"hidden\" name=\"_wpcf7_locale\" value=\"en_US\" \/><input type=\"hidden\" name=\"_wpcf7_unit_tag\" value=\"wpcf7-f3531-o1\" \/><input type=\"hidden\" name=\"_wpcf7_container_post\" value=\"0\" \/><input type=\"hidden\" name=\"_wpcf7_posted_data_hash\" value=\"\" \/><input type=\"hidden\" name=\"_wpcf7_recaptcha_response\" value=\"\" \/>\n<\/fieldset>\n<div class=\"uacf7-form-wrapper-container uacf7-form-3531  \"><h3>SCHNELLES ANGEBOT<\/h3>\n\n<span class=\"wpcf7-form-control-wrap\" data-name=\"your-name\"><input size=\"40\" maxlength=\"400\" class=\"wpcf7-form-control wpcf7-text wpcf7-validates-as-required\" aria-required=\"true\" aria-invalid=\"false\" placeholder=\"Ihr Name (erforderlich)\" value=\"\" type=\"text\" name=\"your-name\" \/><\/span>\n\n<span class=\"wpcf7-form-control-wrap\" data-name=\"your-email\"><input size=\"40\" maxlength=\"400\" class=\"wpcf7-form-control wpcf7-email wpcf7-validates-as-required wpcf7-text wpcf7-validates-as-email\" aria-required=\"true\" aria-invalid=\"false\" placeholder=\"Ihre E-Mail-Adresse (erforderlich)\" value=\"\" type=\"email\" name=\"your-email\" \/><\/span>\n\n<h4>Kontaktieren Sie mich \u00fcber<\/h4>\n<span class=\"wpcf7-form-control-wrap\" data-name=\"checkbox-62\"><span class=\"wpcf7-form-control wpcf7-checkbox\"><span class=\"wpcf7-list-item first\"><input type=\"checkbox\" name=\"checkbox-62[]\" value=\"Industrieumz\u00fcge\" \/><span class=\"wpcf7-list-item-label\">Industrieumz\u00fcge<\/span><\/span><span class=\"wpcf7-list-item\"><input type=\"checkbox\" name=\"checkbox-62[]\" value=\"Exportverpackung\" \/><span class=\"wpcf7-list-item-label\">Exportverpackung<\/span><\/span><span class=\"wpcf7-list-item\"><input type=\"checkbox\" name=\"checkbox-62[]\" value=\"Multimodale Transporte\" \/><span class=\"wpcf7-list-item-label\">Multimodale Transporte<\/span><\/span><span class=\"wpcf7-list-item last\"><input type=\"checkbox\" name=\"checkbox-62[]\" value=\"Weitere Services\" \/><span class=\"wpcf7-list-item-label\">Weitere Services<\/span><\/span><\/span><\/span>\n\n<h4>Zus\u00e4tzliche Information<\/h4>\n<span class=\"wpcf7-form-control-wrap\" data-name=\"textarea-108\"><textarea cols=\"40\" rows=\"10\" maxlength=\"2000\" class=\"wpcf7-form-control wpcf7-textarea\" aria-invalid=\"false\" name=\"textarea-108\"><\/textarea><\/span>\n\nDurch Klicken auf \"Senden\" erkl\u00e4ren Sie sich damit einverstanden, dass Modpack System die von Ihnen zur Verf\u00fcgung gestellten personenbezogenen Daten gem\u00e4\u00df unserer Datenschutzrichtlinie verarbeitet.\n\n\n\n<input class=\"wpcf7-form-control wpcf7-submit has-spinner\" type=\"submit\" value=\"Senden\" \/><\/div><div class=\"fusion-alert alert custom alert-custom fusion-alert-center wpcf7-response-output fusion-alert-capitalize awb-alert-native-link-color alert-dismissable awb-alert-close-boxed\" style=\"--awb-border-top-left-radius:0px;--awb-border-top-right-radius:0px;--awb-border-bottom-left-radius:0px;--awb-border-bottom-right-radius:0px;\" role=\"alert\"><div class=\"fusion-alert-content-wrapper\"><span class=\"fusion-alert-content\"><\/span><\/div><button type=\"button\" class=\"close toggle-alert\" data-dismiss=\"alert\" aria-label=\"Close\">&times;<\/button><\/div>\n<\/form>\n<\/div>\n\n","protected":false},"excerpt":{"rendered":"","protected":false},"author":5,"featured_media":0,"parent":0,"menu_order":0,"comment_status":"closed","ping_status":"closed","template":"","meta":{"footnotes":""},"class_list":["post-3543","page","type-page","status-publish","hentry"],"yoast_head":"<!-- This site is optimized with the Yoast SEO plugin v27.3 - https:\/\/yoast.com\/product\/yoast-seo-wordpress\/ -->\n<title>Nest Site Wide German - Modpack Group<\/title>\n<meta name=\"robots\" content=\"index, follow, max-snippet:-1, max-image-preview:large, max-video-preview:-1\" \/>\n<link rel=\"canonical\" href=\"https:\/\/www.modpacksystem.com\/de\/nest-site-wide-2\/\" \/>\n<meta property=\"og:locale\" content=\"de_DE\" \/>\n<meta property=\"og:type\" content=\"article\" \/>\n<meta property=\"og:title\" content=\"Nest Site Wide German - Modpack Group\" \/>\n<meta property=\"og:url\" content=\"https:\/\/www.modpacksystem.com\/de\/nest-site-wide-2\/\" \/>\n<meta property=\"og:site_name\" content=\"Modpack Group\" \/>\n<meta property=\"article:modified_time\" content=\"2018-10-19T10:51:44+00:00\" \/>\n<meta name=\"twitter:card\" content=\"summary_large_image\" \/>\n<script type=\"application\/ld+json\" class=\"yoast-schema-graph\">{\"@context\":\"https:\\\/\\\/schema.org\",\"@graph\":[{\"@type\":\"WebPage\",\"@id\":\"https:\\\/\\\/www.modpacksystem.com\\\/de\\\/nest-site-wide-2\\\/\",\"url\":\"https:\\\/\\\/www.modpacksystem.com\\\/de\\\/nest-site-wide-2\\\/\",\"name\":\"Nest Site Wide German - Modpack Group\",\"isPartOf\":{\"@id\":\"https:\\\/\\\/www.modpacksystem.com\\\/#website\"},\"datePublished\":\"2018-09-26T14:17:10+00:00\",\"dateModified\":\"2018-10-19T10:51:44+00:00\",\"breadcrumb\":{\"@id\":\"https:\\\/\\\/www.modpacksystem.com\\\/de\\\/nest-site-wide-2\\\/#breadcrumb\"},\"inLanguage\":\"de\",\"potentialAction\":[{\"@type\":\"ReadAction\",\"target\":[\"https:\\\/\\\/www.modpacksystem.com\\\/de\\\/nest-site-wide-2\\\/\"]}]},{\"@type\":\"BreadcrumbList\",\"@id\":\"https:\\\/\\\/www.modpacksystem.com\\\/de\\\/nest-site-wide-2\\\/#breadcrumb\",\"itemListElement\":[{\"@type\":\"ListItem\",\"position\":1,\"name\":\"Home\",\"item\":\"https:\\\/\\\/www.modpacksystem.com\\\/de\\\/\"},{\"@type\":\"ListItem\",\"position\":2,\"name\":\"Nest Site Wide German\"}]},{\"@type\":\"WebSite\",\"@id\":\"https:\\\/\\\/www.modpacksystem.com\\\/#website\",\"url\":\"https:\\\/\\\/www.modpacksystem.com\\\/\",\"name\":\"Modpack Group\",\"description\":\"Intelligent Industrial Relocation Packing and Export Services\",\"potentialAction\":[{\"@type\":\"SearchAction\",\"target\":{\"@type\":\"EntryPoint\",\"urlTemplate\":\"https:\\\/\\\/www.modpacksystem.com\\\/?s={search_term_string}\"},\"query-input\":{\"@type\":\"PropertyValueSpecification\",\"valueRequired\":true,\"valueName\":\"search_term_string\"}}],\"inLanguage\":\"de\"}]}<\/script>\n<!-- \/ Yoast SEO plugin. -->","yoast_head_json":{"title":"Nest Site Wide German - Modpack Group","robots":{"index":"index","follow":"follow","max-snippet":"max-snippet:-1","max-image-preview":"max-image-preview:large","max-video-preview":"max-video-preview:-1"},"canonical":"https:\/\/www.modpacksystem.com\/de\/nest-site-wide-2\/","og_locale":"de_DE","og_type":"article","og_title":"Nest Site Wide German - Modpack Group","og_url":"https:\/\/www.modpacksystem.com\/de\/nest-site-wide-2\/","og_site_name":"Modpack Group","article_modified_time":"2018-10-19T10:51:44+00:00","twitter_card":"summary_large_image","schema":{"@context":"https:\/\/schema.org","@graph":[{"@type":"WebPage","@id":"https:\/\/www.modpacksystem.com\/de\/nest-site-wide-2\/","url":"https:\/\/www.modpacksystem.com\/de\/nest-site-wide-2\/","name":"Nest Site Wide German - Modpack Group","isPartOf":{"@id":"https:\/\/www.modpacksystem.com\/#website"},"datePublished":"2018-09-26T14:17:10+00:00","dateModified":"2018-10-19T10:51:44+00:00","breadcrumb":{"@id":"https:\/\/www.modpacksystem.com\/de\/nest-site-wide-2\/#breadcrumb"},"inLanguage":"de","potentialAction":[{"@type":"ReadAction","target":["https:\/\/www.modpacksystem.com\/de\/nest-site-wide-2\/"]}]},{"@type":"BreadcrumbList","@id":"https:\/\/www.modpacksystem.com\/de\/nest-site-wide-2\/#breadcrumb","itemListElement":[{"@type":"ListItem","position":1,"name":"Home","item":"https:\/\/www.modpacksystem.com\/de\/"},{"@type":"ListItem","position":2,"name":"Nest Site Wide German"}]},{"@type":"WebSite","@id":"https:\/\/www.modpacksystem.com\/#website","url":"https:\/\/www.modpacksystem.com\/","name":"Modpack Group","description":"Intelligent Industrial Relocation Packing and Export Services","potentialAction":[{"@type":"SearchAction","target":{"@type":"EntryPoint","urlTemplate":"https:\/\/www.modpacksystem.com\/?s={search_term_string}"},"query-input":{"@type":"PropertyValueSpecification","valueRequired":true,"valueName":"search_term_string"}}],"inLanguage":"de"}]}},"_links":{"self":[{"href":"https:\/\/www.modpacksystem.com\/de\/wp-json\/wp\/v2\/pages\/3543","targetHints":{"allow":["GET"]}}],"collection":[{"href":"https:\/\/www.modpacksystem.com\/de\/wp-json\/wp\/v2\/pages"}],"about":[{"href":"https:\/\/www.modpacksystem.com\/de\/wp-json\/wp\/v2\/types\/page"}],"author":[{"embeddable":true,"href":"https:\/\/www.modpacksystem.com\/de\/wp-json\/wp\/v2\/users\/5"}],"replies":[{"embeddable":true,"href":"https:\/\/www.modpacksystem.com\/de\/wp-json\/wp\/v2\/comments?post=3543"}],"version-history":[{"count":1,"href":"https:\/\/www.modpacksystem.com\/de\/wp-json\/wp\/v2\/pages\/3543\/revisions"}],"predecessor-version":[{"id":4235,"href":"https:\/\/www.modpacksystem.com\/de\/wp-json\/wp\/v2\/pages\/3543\/revisions\/4235"}],"wp:attachment":[{"href":"https:\/\/www.modpacksystem.com\/de\/wp-json\/wp\/v2\/media?parent=3543"}],"curies":[{"name":"wp","href":"https:\/\/api.w.org\/{rel}","templated":true}]}}